{"id":130,"date":"2023-07-23T13:27:09","date_gmt":"2023-07-23T17:27:09","guid":{"rendered":"https:\/\/btmforum.org\/leaders\/"},"modified":"2024-04-07T19:50:53","modified_gmt":"2024-04-07T23:50:53","slug":"leaders","status":"publish","type":"page","link":"https:\/\/btmforum.org\/es\/leaders\/","title":{"rendered":"Leaders"},"content":{"rendered":"\n<div class=\"wp-block-columns is-layout-flex wp-container-core-columns-is-layout-9d6595d7 wp-block-columns-is-layout-flex\">\n<div class=\"wp-block-column is-layout-flow wp-block-column-is-layout-flow\">\n<figure class=\"wp-block-image size-large\"><a href=\"https:\/\/btmforum.org\/wp-content\/uploads\/2023\/07\/f1-leaders-1024x617.jpg\"><img loading=\"lazy\" decoding=\"async\" width=\"1024\" height=\"617\" src=\"https:\/\/btmforum.org\/wp-content\/uploads\/2023\/07\/f1-leaders-1024x617.jpg\" alt=\"\" class=\"wp-image-118\" srcset=\"https:\/\/btmforum.org\/wp-content\/uploads\/2023\/07\/f1-leaders-1024x617.jpg 1024w, https:\/\/btmforum.org\/wp-content\/uploads\/2023\/07\/f1-leaders-300x181.jpg 300w, https:\/\/btmforum.org\/wp-content\/uploads\/2023\/07\/f1-leaders-768x462.jpg 768w, https:\/\/btmforum.org\/wp-content\/uploads\/2023\/07\/f1-leaders-1536x925.jpg 1536w, https:\/\/btmforum.org\/wp-content\/uploads\/2023\/07\/f1-leaders.jpg 1920w\" sizes=\"auto, (max-width: 1024px) 100vw, 1024px\" \/><\/a><\/figure>\n<\/div>\n\n\n\n<div class=\"wp-block-column is-layout-flow wp-block-column-is-layout-flow\">\n<h2 class=\"wp-block-heading\"><em><mark style=\"background-color:rgba(0, 0, 0, 0)\" class=\"has-inline-color has-vivid-red-color\">Los l\u00edderes de Business Technology Management (BTM) son esenciales para el \u00e9xito de la innovaci\u00f3n digital, la transformaci\u00f3n y el esp\u00edritu empresarial.<\/mark><\/em><\/h2>\n\n\n\n<h3 class=\"wp-block-heading\"><strong>\u00danase a nuestra conversaci\u00f3n para definir los requisitos educativos y de capacitaci\u00f3n de los l\u00edderes digitales de pr\u00f3xima generaci\u00f3n.<\/strong><\/h3>\n<\/div>\n<\/div>\n\n\n\n<h2 class=\"wp-block-heading\">\u00bfCu\u00e1les son nuestros objetivos?<\/h2>\n\n\n\n<ul class=\"wp-block-list\">\n<li>Modernice las pr\u00e1cticas de liderazgo y gesti\u00f3n del talento para garantizar el \u00e9xito de los proyectos digitales.<\/li>\n\n\n\n<li>Redefina los requisitos educativos y de capacitaci\u00f3n para los l\u00edderes de proyectos digitales y los miembros del equipo.<\/li>\n\n\n\n<li>Unir a los graduados en negocios, computaci\u00f3n e ingenier\u00eda hacia una carrera de liderazgo digital com\u00fan.<\/li>\n\n\n\n<li>Supere la carga de las certificaciones m\u00faltiples con BTM como requisito previo (2 certificaciones, no 3-5).<\/li>\n\n\n\n<li>Cree el BTM Body of Knowledge (BOK) como una gu\u00eda de liderazgo digital gratuita, abierta y personalizable.<\/li>\n<\/ul>\n\n\n\n<h2 class=\"wp-block-heading\">\u00bfComo puedes ayudar?<\/h2>\n\n\n\n<div class=\"wp-block-aab-group-accordion aagb_accordion_b2f5a3e7-1563-44e3-8ca2-752d52f7f39b click\">\n<div class=\"wp-block-aab-accordion-item aagb__accordion_container\" style=\"border:1px solid #cccccc;margin-top:0px;margin-bottom:15px;border-radius:0px\"><div class=\"aagb__accordion_head aab_right_icon\" data-active=\"false\" style=\"color:#333333;background-color:transparent;padding:10px 15px 10px 15px\"><div class=\"aagb__accordion_heading aab_right_icon\"><h4 class=\"aagb__accordion_title\" style=\"margin:0;color:#333333\">Comparte tu punto de vista con la comunidad<\/h4><\/div><div class=\"aagb__accordion_icon\" style=\"color:#333333;background-color:transparent\"><span class=\"aagb__icon dashicons dashicons-plus-alt2\"><\/span><\/div><\/div><div class=\"aagb__accordion_body \" role=\"region\" style=\"background-color:transparent;border-top:1px solid #cccccc;padding:10px 15px 10px 15px\">\n<p><strong><mark style=\"background-color:rgba(0, 0, 0, 0)\" class=\"has-inline-color has-luminous-vivid-orange-color\">Por favor, <a href=\"https:\/\/questionnaires.uqo.ca\/index.php\/159969?lang=es\">llene nuestra encuesta BTM<\/a> sobre competencias de liderazgo digital de pr\u00f3xima generaci\u00f3n.<\/mark><\/strong><\/p>\n\n\n\n<p>BTM a\u00fan est\u00e1 en desarrollo y necesitamos integrar los puntos de vista de todos los interesados, por ejemplo, estudiantes, profesores, profesionales, ejecutivos, l\u00edderes comunitarios, etc.<\/p>\n\n\n\n<p>Tambi\u00e9n invite a sus colegas y participe en nuestras discusiones en curso sobre liderazgo digital.<\/p>\n\n\n\n<div class=\"wp-block-columns is-layout-flex wp-container-core-columns-is-layout-9d6595d7 wp-block-columns-is-layout-flex\">\n<div class=\"wp-block-column is-layout-flow wp-block-column-is-layout-flow\">\n<p class=\"has-text-align-center\"><strong><mark style=\"background-color:rgba(0, 0, 0, 0)\" class=\"has-inline-color has-vivid-red-color\">Siga y vuelva a compartir nuestras noticias en <a href=\"https:\/\/twitter.com\/BTMForumGlobal\">Twitter<\/a><\/mark><\/strong><\/p>\n<\/div>\n\n\n\n<div class=\"wp-block-column is-layout-flow wp-block-column-is-layout-flow\">\n<p class=\"has-text-align-center\"><strong><mark style=\"background-color:rgba(0, 0, 0, 0)\" class=\"has-inline-color has-vivid-red-color\">Comparte tus noticias en nuestro <a href=\"https:\/\/www.linkedin.com\/groups\/8486760\/\">grupo de LinkedIn<\/a><\/mark><\/strong><\/p>\n<\/div>\n\n\n\n<div class=\"wp-block-column is-layout-flow wp-block-column-is-layout-flow\">\n<p class=\"has-text-align-center\"><strong><mark style=\"background-color:rgba(0, 0, 0, 0)\" class=\"has-inline-color has-vivid-red-color\">\u00danase a nuestro <a href=\"https:\/\/join.slack.com\/t\/businesstechn-9vy1673\/shared_invite\/zt-20c8k52mo-kKMuS_ZyOGcCRD5RDFWljw\">Canal de Slack<\/a> para hablar con los miembros<\/mark><\/strong><\/p>\n<\/div>\n<\/div>\n<\/div><\/div>\n<\/div>\n\n\n\n<div class=\"wp-block-aab-group-accordion aagb_accordion_0e61dff4-52e4-46c0-9c27-90d09f9a5c29 click\">\n<div class=\"wp-block-aab-accordion-item aagb__accordion_container\" style=\"border:1px solid #cccccc;margin-top:0px;margin-bottom:15px;border-radius:0px\"><div class=\"aagb__accordion_head aab_right_icon\" data-active=\"false\" style=\"color:#333333;background-color:transparent;padding:10px 15px 10px 15px\"><div class=\"aagb__accordion_heading aab_right_icon\"><h4 class=\"aagb__accordion_title\" style=\"margin:0;color:#333333\">Alcanzar est\u00e1ndares educativos y de formaci\u00f3n m\u00e1s altos<\/h4><\/div><div class=\"aagb__accordion_icon\" style=\"color:#333333;background-color:transparent\"><span class=\"aagb__icon dashicons dashicons-plus-alt2\"><\/span><\/div><\/div><div class=\"aagb__accordion_body \" role=\"region\" style=\"background-color:transparent;border-top:1px solid #cccccc;padding:10px 15px 10px 15px\">\n<p><mark style=\"background-color:rgba(0, 0, 0, 0)\" class=\"has-inline-color has-luminous-vivid-orange-color\"><strong>Inscr\u00edbase en <\/strong><\/mark><a href=\"https:\/\/btmforum.org\/es\/programas\/\"><strong>Programas BTM<\/strong><\/a><mark style=\"background-color: rgba(0, 0, 0, 0)\" class=\"has-inline-color has-luminous-vivid-orange-color\"><strong> para obtener la <em>certificaci\u00f3n BTM <\/em>y promover nuevos est\u00e1ndares.<\/strong><\/mark><\/p>\n\n\n\n<p>BTM fue concebido inicialmente como un est\u00e1ndar de acreditaci\u00f3n de programas. Su objetivo era ayudar a los programas de gesti\u00f3n de TI empresarial a proporcionar una perspectiva m\u00e1s amplia y preparar mejor a los graduados para la transformaci\u00f3n digital. Se est\u00e1 desarrollando una nueva estrategia para garantizar un impacto mayor y m\u00e1s r\u00e1pido.<\/p>\n\n\n\n<p>Estamos explorando la posibilidad de ampliar las rutas para obtener la <strong><em>Certificaci\u00f3n BTM<\/em><\/strong>, a trav\u00e9s de la graduaci\u00f3n de un programa BTM, a trav\u00e9s de la equivalencia BTM de aprendizaje y experiencia previos, o a trav\u00e9s de premios BTM basados en una amplia evaluaciones de logros en cambio digital en una organizaci\u00f3n.<\/p>\n\n\n\n<div class=\"wp-block-columns is-layout-flex wp-container-core-columns-is-layout-9d6595d7 wp-block-columns-is-layout-flex\">\n<div class=\"wp-block-column is-layout-flow wp-block-column-is-layout-flow\">\n<p class=\"has-text-align-center\"><strong><mark style=\"background-color:rgba(0, 0, 0, 0)\" class=\"has-inline-color has-vivid-red-color\">\u00danase a nuestros equipos de <a href=\"https:\/\/btmforum.org\/es\/acreditacion\/\">BTM Accreditation<\/a> para modernizar los programas.<\/mark><\/strong><\/p>\n<\/div>\n\n\n\n<div class=\"wp-block-column is-layout-flow wp-block-column-is-layout-flow\">\n<p class=\"has-text-align-center\"><strong><mark style=\"background-color:rgba(0, 0, 0, 0)\" class=\"has-inline-color has-vivid-red-color\">Obtenga informaci\u00f3n sobre la <a href=\"https:\/\/btmforum.org\/es\/certificacion\/\">Certificaci\u00f3n BTM<\/a> a trav\u00e9s de la equivalencia.<\/mark><\/strong><\/p>\n<\/div>\n\n\n\n<div class=\"wp-block-column is-layout-flow wp-block-column-is-layout-flow\">\n<p class=\"has-text-align-center\"><strong><mark style=\"background-color:rgba(0, 0, 0, 0)\" class=\"has-inline-color has-vivid-red-color\">Obtenga informaci\u00f3n sobre los <a href=\"https:\/\/btmforum.org\/es\/premios\/\">Premios BTM<\/a> para organizaciones digitales.<\/mark><\/strong><\/p>\n<\/div>\n<\/div>\n<\/div><\/div>\n<\/div>\n\n\n\n<div class=\"wp-block-aab-group-accordion aagb_accordion_98ddb3d9-16f3-4585-9120-3651e29d414e click\">\n<div class=\"wp-block-aab-accordion-item aagb__accordion_container\" style=\"border:1px solid #cccccc;margin-top:0px;margin-bottom:15px;border-radius:0px\"><div class=\"aagb__accordion_head aab_right_icon\" data-active=\"false\" style=\"color:#333333;background-color:transparent;padding:10px 15px 10px 15px\"><div class=\"aagb__accordion_heading aab_right_icon\"><h4 class=\"aagb__accordion_title\" style=\"margin:0;color:#333333\">Crear, presentar y publicar nuevas pr\u00e1cticas recomendadas<\/h4><\/div><div class=\"aagb__accordion_icon\" style=\"color:#333333;background-color:transparent\"><span class=\"aagb__icon dashicons dashicons-plus-alt2\"><\/span><\/div><\/div><div class=\"aagb__accordion_body \" role=\"region\" style=\"background-color:transparent;border-top:1px solid #cccccc;padding:10px 15px 10px 15px\">\n<p><mark style=\"background-color:rgba(0, 0, 0, 0)\" class=\"has-inline-color has-luminous-vivid-orange-color\"><strong>\u00danase al <a href=\"https:\/\/github.com\/Digital-Innovation-Foundation\/btmbok\">grupo de trabajo BTM BOK<\/a> para ayudar a definir nuestra gu\u00eda gratuita, abierta y personalizable para futuros l\u00edderes digitales.<\/strong><\/mark><\/p>\n\n\n\n<p>BTM puede servir como un lenguaje com\u00fan que une las disciplinas de negocios, computaci\u00f3n e ingenier\u00eda. El prop\u00f3sito no es reemplazar los est\u00e1ndares de certificaci\u00f3n existentes, sino crear un lenguaje central que ayudar\u00e1 a todos los l\u00edderes digitales a reutilizar y personalizar las mejores pr\u00e1cticas digitales.<\/p>\n\n\n\n<p>Tambi\u00e9n considere presentar y publicar sus contribuciones para asegurarse de que otros sigan sus pasos. No tiene que ser perfecto, puede proponer un art\u00edculo de revista profesional corto (1000 palabras) o un art\u00edculo de investigaci\u00f3n acad\u00e9mica m\u00e1s largo (5000 palabras). Tambi\u00e9n se puede promocionar en nuestros eventos y diario.<\/p>\n\n\n\n<div class=\"wp-block-columns is-layout-flex wp-container-core-columns-is-layout-9d6595d7 wp-block-columns-is-layout-flex\">\n<div class=\"wp-block-column is-layout-flow wp-block-column-is-layout-flow\">\n<p class=\"has-text-align-center\"><mark style=\"background-color:rgba(0, 0, 0, 0)\" class=\"has-inline-color has-vivid-red-color\"><strong>Organice, presente y\/o participe en nuestros <\/strong><\/mark><a href=\"https:\/\/btmforum.org\/es\/events\/\"><strong>eventos BTM<\/strong><\/a><mark style=\"background-color:rgba(0, 0, 0, 0)\" class=\"has-inline-color has-vivid-red-color\"><strong> en l\u00ednea o h\u00edbridos.<\/strong><\/mark><\/p>\n<\/div>\n\n\n\n<div class=\"wp-block-column is-layout-flow wp-block-column-is-layout-flow\">\n<p class=\"has-text-align-center\"><strong><mark style=\"background-color:rgba(0, 0, 0, 0)\" class=\"has-inline-color has-vivid-red-color\">Convi\u00e9rtase en autor para publicar sus contribuciones en el <a href=\"https:\/\/journals.digitalinnovation.site\/?journal=btmj&amp;page=index\">BTM Journal<\/a>.<\/mark><\/strong><\/p>\n<\/div>\n<\/div>\n<\/div><\/div>\n<\/div>\n","protected":false},"excerpt":{"rendered":"<p>Los l\u00edderes de Business Technology Management (BTM) son esenciales para el \u00e9xito de la innovaci\u00f3n digital, la transformaci\u00f3n y el esp\u00edritu empresarial. \u00danase a nuestra conversaci\u00f3n para definir los requisitos educativos y de capacitaci\u00f3n de los l\u00edderes digitales de pr\u00f3xima generaci\u00f3n. \u00bfCu\u00e1les son nuestros objetivos? \u00bfComo puedes ayudar?<\/p>\n","protected":false},"author":1,"featured_media":0,"parent":0,"menu_order":0,"comment_status":"closed","ping_status":"closed","template":"","meta":{"footnotes":""},"class_list":["post-130","page","type-page","status-publish","hentry"],"_links":{"self":[{"href":"https:\/\/btmforum.org\/es\/wp-json\/wp\/v2\/pages\/130","targetHints":{"allow":["GET"]}}],"collection":[{"href":"https:\/\/btmforum.org\/es\/wp-json\/wp\/v2\/pages"}],"about":[{"href":"https:\/\/btmforum.org\/es\/wp-json\/wp\/v2\/types\/page"}],"author":[{"embeddable":true,"href":"https:\/\/btmforum.org\/es\/wp-json\/wp\/v2\/users\/1"}],"replies":[{"embeddable":true,"href":"https:\/\/btmforum.org\/es\/wp-json\/wp\/v2\/comments?post=130"}],"version-history":[{"count":12,"href":"https:\/\/btmforum.org\/es\/wp-json\/wp\/v2\/pages\/130\/revisions"}],"predecessor-version":[{"id":1472,"href":"https:\/\/btmforum.org\/es\/wp-json\/wp\/v2\/pages\/130\/revisions\/1472"}],"wp:attachment":[{"href":"https:\/\/btmforum.org\/es\/wp-json\/wp\/v2\/media?parent=130"}],"curies":[{"name":"wp","href":"https:\/\/api.w.org\/{rel}","templated":true}]}}