{"id":179,"date":"2023-07-24T21:36:21","date_gmt":"2023-07-25T01:36:21","guid":{"rendered":"https:\/\/btmforum.org\/team\/"},"modified":"2023-07-26T19:17:52","modified_gmt":"2023-07-26T23:17:52","slug":"equipo","status":"publish","type":"page","link":"https:\/\/btmforum.org\/es\/equipo\/","title":{"rendered":"Equipo"},"content":{"rendered":"\n<h2 class=\"wp-block-heading\">Ejecutivos<\/h2>\n\n\n\n<p>Presidente, Copresidente, Avisor Especial (ex-officio)<\/p>\n\n\n\n<p>&lt; soon \/ bient\u00f4t \/ pronto &gt;<\/p>\n\n\n\n<h2 class=\"wp-block-heading\">Gesti\u00f3n de proyectos<\/h2>\n\n\n\n<p>Membres\u00eda, Est\u00e1ndares, Eventos, Publicaciones<\/p>\n\n\n\n<p>&lt; soon \/ bient\u00f4t \/ pronto &gt;<\/p>\n\n\n\n<h2 class=\"wp-block-heading\">Consejo Global<\/h2>\n\n\n\n<p>Presidentes de los Consejos Nacionales<\/p>\n\n\n\n<p>&lt; soon \/ bient\u00f4t \/ pronto ><\/p>\n","protected":false},"excerpt":{"rendered":"<p>Ejecutivos Presidente, Copresidente, Avisor Especial (ex-officio) &lt; soon \/ bient\u00f4t \/ pronto &gt; Gesti\u00f3n de proyectos Membres\u00eda, Est\u00e1ndares, Eventos, Publicaciones &lt; soon \/ bient\u00f4t \/ pronto &gt; Consejo Global Presidentes de los Consejos Nacionales &lt; soon \/ bient\u00f4t \/ pronto ><\/p>\n","protected":false},"author":1,"featured_media":0,"parent":0,"menu_order":0,"comment_status":"closed","ping_status":"closed","template":"","meta":{"footnotes":""},"class_list":["post-179","page","type-page","status-publish","hentry"],"_links":{"self":[{"href":"https:\/\/btmforum.org\/es\/wp-json\/wp\/v2\/pages\/179","targetHints":{"allow":["GET"]}}],"collection":[{"href":"https:\/\/btmforum.org\/es\/wp-json\/wp\/v2\/pages"}],"about":[{"href":"https:\/\/btmforum.org\/es\/wp-json\/wp\/v2\/types\/page"}],"author":[{"embeddable":true,"href":"https:\/\/btmforum.org\/es\/wp-json\/wp\/v2\/users\/1"}],"replies":[{"embeddable":true,"href":"https:\/\/btmforum.org\/es\/wp-json\/wp\/v2\/comments?post=179"}],"version-history":[{"count":7,"href":"https:\/\/btmforum.org\/es\/wp-json\/wp\/v2\/pages\/179\/revisions"}],"predecessor-version":[{"id":206,"href":"https:\/\/btmforum.org\/es\/wp-json\/wp\/v2\/pages\/179\/revisions\/206"}],"wp:attachment":[{"href":"https:\/\/btmforum.org\/es\/wp-json\/wp\/v2\/media?parent=179"}],"curies":[{"name":"wp","href":"https:\/\/api.w.org\/{rel}","templated":true}]}}