{"id":233,"date":"2023-07-26T22:01:38","date_gmt":"2023-07-27T02:01:38","guid":{"rendered":"https:\/\/btmforum.org\/programs\/"},"modified":"2024-04-07T17:01:07","modified_gmt":"2024-04-07T21:01:07","slug":"programas","status":"publish","type":"page","link":"https:\/\/btmforum.org\/es\/programas\/","title":{"rendered":"Programas"},"content":{"rendered":"\n<div class=\"wp-block-columns is-layout-flex wp-container-core-columns-is-layout-9d6595d7 wp-block-columns-is-layout-flex\">\n<div class=\"wp-block-column is-layout-flow wp-block-column-is-layout-flow\">\n<figure class=\"wp-block-image size-large\"><a href=\"https:\/\/btmforum.org\/wp-content\/uploads\/2023\/07\/fig-11-es-1024x743.png\"><img loading=\"lazy\" decoding=\"async\" width=\"1024\" height=\"743\" src=\"https:\/\/btmforum.org\/wp-content\/uploads\/2023\/07\/fig-11-es-1024x743.png\" alt=\"\" class=\"wp-image-1351\" srcset=\"https:\/\/btmforum.org\/wp-content\/uploads\/2023\/07\/fig-11-es-1024x743.png 1024w, https:\/\/btmforum.org\/wp-content\/uploads\/2023\/07\/fig-11-es-300x218.png 300w, https:\/\/btmforum.org\/wp-content\/uploads\/2023\/07\/fig-11-es-768x558.png 768w, https:\/\/btmforum.org\/wp-content\/uploads\/2023\/07\/fig-11-es.png 1080w\" sizes=\"auto, (max-width: 1024px) 100vw, 1024px\" \/><\/a><\/figure>\n<\/div>\n\n\n\n<div class=\"wp-block-column is-layout-flow wp-block-column-is-layout-flow\">\n<h2 class=\"wp-block-heading\"><em><mark style=\"background-color:rgba(0, 0, 0, 0)\" class=\"has-inline-color has-vivid-red-color\">Puede obtener la certificaci\u00f3n BTM si se grad\u00faa de un programa con una <a href=\"https:\/\/btmforum.org\/accreditation\/\">acreditaci\u00f3n BTM v\u00e1lida<\/a>.<\/mark><\/em><\/h2>\n\n\n\n<h3 class=\"wp-block-heading\">Tambi\u00e9n puede obtener el reconocimiento de sus t\u00edtulos anteriores como equivalencia a una <a href=\"https:\/\/btmforum.org\/certification\/\">Certificaci\u00f3n BTM<\/a>.<\/h3>\n\n\n\n<h3 class=\"wp-block-heading\"><mark style=\"background-color:rgba(0, 0, 0, 0)\" class=\"has-inline-color has-vivid-red-color\">Lista de programas en desarrollo.<\/mark><\/h3>\n\n\n\n<p>Si bien ya existen muchos programas excelentes de gesti\u00f3n de TI, la acreditaci\u00f3n garantiza una cobertura m\u00e1s completa de los resultados de aprendizaje de BTM, un conjunto de objetivos desarrollados conjuntamente por la academia y la industria..<\/p>\n\n\n\n<p>Los programas se han <a href=\"http:\/\/cips.ca\/btm\">ofrecidos en Canad\u00e1 y EE.UU desde 2009<\/a>, con m\u00e1s de 20 programas en Canad\u00e1 con la marca BTM y una docena de acreditaciones y reconocimientos entre 2013 y 2018.<\/p>\n\n\n\n<p>Colegas de varios pa\u00edses se unen al <a href=\"https:\/\/btmforum.org\/team\/\">BTM Global Council<\/a> para ayudar a acreditar nuevos programas a nivel mundial. Pronto m\u00e1s noticias.<\/p>\n\n\n\n<p><\/p>\n<\/div>\n<\/div>\n\n\n\n<div class=\"wp-block-essential-blocks-call-to-action\"><div class=\"eb-parent-wrapper eb-parent-eb-call-to-action-s0351ga \"><div class=\"eb-cia-wrapper eb-call-to-action-s0351ga\" data-icon=\"fas fa-graduation-cap\"><div class=\"eb-cia-text-wrapper\"><div class=\"eb-cia-icon fas fa-graduation-cap\"><\/div><h3 class=\"eb-cia-title\">L\u00edderes digitales, profesores del programa, graduados: confirme su inter\u00e9s en BTM<\/h3><p class=\"eb-cia-description\">Complete nuestra encuesta BTM para registrar programas BTM existentes e inf\u00f3rmenos de su inter\u00e9s o comentarios con respecto a la acreditaci\u00f3n BTM y certificaci\u00f3n.<\/p><\/div><div class=\"eb-cia-button-wrapper\"><a target=\"_self\" rel=\"noopener\"><div class=\"eb-cia-button is-large\"><a href=\"https:\/\/questionnaires.uqo.ca\/index.php\/159969?lang=es\"><mark style=\"background-color:rgba(0, 0, 0, 0)\" class=\"has-inline-color has-luminous-vivid-amber-color\"><strong>BTM Survey<\/strong><\/mark><\/a><\/div><\/a><\/div><\/div><\/div><\/div>\n","protected":false},"excerpt":{"rendered":"<p>Puede obtener la certificaci\u00f3n BTM si se grad\u00faa de un programa con una acreditaci\u00f3n BTM v\u00e1lida. Tambi\u00e9n puede obtener el reconocimiento de sus t\u00edtulos anteriores como equivalencia a una Certificaci\u00f3n BTM. Lista de programas en desarrollo. Si bien ya existen muchos programas excelentes de gesti\u00f3n de TI, la acreditaci\u00f3n garantiza una cobertura m\u00e1s completa de<span class=\"post-excerpt-end\">&hellip;<\/span><\/p>\n<p class=\"more-link\"><a href=\"https:\/\/btmforum.org\/es\/programas\/\" class=\"themebutton\">Lee mas<\/a><\/p>\n","protected":false},"author":1,"featured_media":0,"parent":0,"menu_order":0,"comment_status":"closed","ping_status":"closed","template":"","meta":{"footnotes":""},"class_list":["post-233","page","type-page","status-publish","hentry"],"_links":{"self":[{"href":"https:\/\/btmforum.org\/es\/wp-json\/wp\/v2\/pages\/233","targetHints":{"allow":["GET"]}}],"collection":[{"href":"https:\/\/btmforum.org\/es\/wp-json\/wp\/v2\/pages"}],"about":[{"href":"https:\/\/btmforum.org\/es\/wp-json\/wp\/v2\/types\/page"}],"author":[{"embeddable":true,"href":"https:\/\/btmforum.org\/es\/wp-json\/wp\/v2\/users\/1"}],"replies":[{"embeddable":true,"href":"https:\/\/btmforum.org\/es\/wp-json\/wp\/v2\/comments?post=233"}],"version-history":[{"count":35,"href":"https:\/\/btmforum.org\/es\/wp-json\/wp\/v2\/pages\/233\/revisions"}],"predecessor-version":[{"id":1457,"href":"https:\/\/btmforum.org\/es\/wp-json\/wp\/v2\/pages\/233\/revisions\/1457"}],"wp:attachment":[{"href":"https:\/\/btmforum.org\/es\/wp-json\/wp\/v2\/media?parent=233"}],"curies":[{"name":"wp","href":"https:\/\/api.w.org\/{rel}","templated":true}]}}