{"id":60,"date":"2022-06-22T15:04:22","date_gmt":"2022-06-22T19:04:22","guid":{"rendered":"https:\/\/btmforum.org\/terms-and-conditions\/"},"modified":"2022-06-27T13:15:20","modified_gmt":"2022-06-27T17:15:20","slug":"terms-and-conditions","status":"publish","type":"page","link":"https:\/\/btmforum.org\/es\/terms-and-conditions\/","title":{"rendered":"T\u00e9rminos y condiciones"},"content":{"rendered":"\n<p>1. Introducci\u00f3n<\/p>\n\n\n\n<p>1.1 Digital Innovation Foundation (DIF) (<a href=\"https:\/\/digitalinnovation.site\/\">https:\/\/digitalinnovation.site<\/a>), como propietario del sitio web <a href=\"https:\/\/btmforum.org\">https:\/\/btmforum.org<\/a>, requiere su consentimiento a estos t\u00e9rminos y condiciones para regir su uso de nuestro sitio web.<\/p>\n\n\n\n<p>1.2 Al utilizar nuestro sitio web, acepta estos t\u00e9rminos y condiciones en su totalidad; en consecuencia, si no est\u00e1 de acuerdo con estos t\u00e9rminos y condiciones o con cualquier parte de estos t\u00e9rminos y condiciones, no debe usar nuestro sitio web.<\/p>\n\n\n\n<p>1.3 Si se registra en nuestro sitio web, env\u00eda cualquier material a nuestro sitio web o utiliza cualquiera de los servicios de nuestro sitio web, le pediremos que acepte expresamente estos t\u00e9rminos y condiciones.<\/p>\n\n\n\n<p>1.4 Debe tener al menos 18 a\u00f1os para usar nuestro sitio web; Al usar nuestro sitio web o aceptar estos t\u00e9rminos y condiciones, usted nos garantiza y declara que tiene al menos 18 a\u00f1os de edad.<\/p>\n\n\n\n<p>1.5 En este documento, \u00abnosotros\u00bb, \u00abnos\u00bb y \u00abnuestro\u00bb se refieren a Digital Innovation Foundation (DIF). Para obtener m\u00e1s informaci\u00f3n sobre nosotros, consulte la Secci\u00f3n 20.<\/p>\n\n\n\n<p>2. Cr\u00e9dito<\/p>\n\n\n\n<p>2.1 Este documento se cre\u00f3 utilizando una plantilla de SEQ Legal ( <a href=\"https:\/\/seqlegal.com\/\">https:\/\/seqlegal.com <\/a>).<\/p>\n\n\n\n<p>3. Aviso de derechos de autor<\/p>\n\n\n\n<p>3.1 \u00a9 2022 Digital Innovation Foundation (DIF).<\/p>\n\n\n\n<p>3.2 Sujeto a las disposiciones expresas de estos t\u00e9rminos y condiciones:<\/p>\n\n\n\n<p>(a) nosotros, junto con nuestros licenciantes, poseemos y controlamos todos los derechos de autor y otros derechos de propiedad intelectual en nuestro sitio web y el material en nuestro sitio web; y<\/p>\n\n\n\n<p>(b) todos los derechos de autor y otros derechos de propiedad intelectual en nuestro sitio web y el material en nuestro sitio web est\u00e1n reservados.<\/p>\n\n\n\n<p>4. Permiso para usar el sitio web<\/p>\n\n\n\n<p>4.1 Usted puede:<\/p>\n\n\n\n<p>(a) ver p\u00e1ginas de nuestro sitio web en un navegador web;<\/p>\n\n\n\n<p>(b) descargar p\u00e1ginas de nuestro sitio web para almacenar en cach\u00e9 en un navegador web;<\/p>\n\n\n\n<p>(c) imprimir p\u00e1ginas de nuestro sitio web para su uso personal y no comercial, siempre que dicha impresi\u00f3n no sea sistem\u00e1tica o excesiva;<\/p>\n\n\n\n<p>(d) transmitir archivos de audio y video desde nuestro sitio web utilizando el reproductor multimedia en nuestro sitio web; y<\/p>\n\n\n\n<p>(e) utilizar los servicios de nuestro sitio web por medio de un navegador web, sujeto a las dem\u00e1s disposiciones de estos t\u00e9rminos y condiciones.<\/p>\n\n\n\n<p>4.2 Salvo que lo permita expresamente la Secci\u00f3n 4.1 o las dem\u00e1s disposiciones de estos t\u00e9rminos y condiciones, no debe descargar ning\u00fan material de nuestro sitio web ni guardar dicho material en su computadora.<\/p>\n\n\n\n<p>4.3 Solo puede usar nuestro sitio web para sus propios fines personales y comerciales; no debe utilizar nuestro sitio web para ning\u00fan otro prop\u00f3sito.<\/p>\n\n\n\n<p>4.4 Salvo que estos t\u00e9rminos y condiciones lo permitan expresamente, no debe editar ni modificar ning\u00fan material de nuestro sitio web.<\/p>\n\n\n\n<p>4.5 A menos que posea o controle los derechos relevantes sobre el material, no debe:<\/p>\n\n\n\n<p>(a) volver a publicar material de nuestro sitio web (incluida la republicaci\u00f3n en otro sitio web);<\/p>\n\n\n\n<p>(b) vender, alquilar o sublicenciar material de nuestro sitio web;<\/p>\n\n\n\n<p>(c) mostrar cualquier material de nuestro sitio web en p\u00fablico;<\/p>\n\n\n\n<p>(d) explotar material de nuestro sitio web con fines comerciales; o<\/p>\n\n\n\n<p>(e) redistribuir material de nuestro sitio web.<\/p>\n\n\n\n<p>4.6 Sin perjuicio de la Secci\u00f3n 4.5, puede redistribuir nuestro bolet\u00edn en forma impresa y electr\u00f3nica a cualquier persona.<\/p>\n\n\n\n<p>4.7 Nos reservamos el derecho de suspender o restringir el acceso a nuestro sitio web, a \u00e1reas de nuestro sitio web y\/o a la funcionalidad de nuestro sitio web. Podemos, por ejemplo, suspender el acceso al sitio web durante el mantenimiento del servidor o cuando actualizamos el sitio web. No debe eludir o eludir, ni intentar eludir o eludir, ninguna medida de restricci\u00f3n de acceso en el sitio web.<\/p>\n\n\n\n<p>5. Mal uso del sitio web<\/p>\n\n\n\n<p>5.1 No debe:<\/p>\n\n\n\n<p>(a) usar nuestro sitio web de cualquier manera o tomar cualquier acci\u00f3n que cause, o pueda causar, da\u00f1o al sitio web o deterioro del rendimiento, disponibilidad, accesibilidad, integridad o seguridad del sitio web;<\/p>\n\n\n\n<p>(b) usar nuestro sitio web de cualquier manera que sea ilegal, fraudulenta o da\u00f1ina, o en conexi\u00f3n con cualquier prop\u00f3sito o actividad ilegal, fraudulenta o da\u00f1ina;<\/p>\n\n\n\n<p>(c) piratear o alterar nuestro sitio web;<\/p>\n\n\n\n<p>(d) sondear, escanear o probar la vulnerabilidad de nuestro sitio web sin nuestro permiso;<\/p>\n\n\n\n<p>(e) eludir cualquier sistema o proceso de autenticaci\u00f3n o seguridad en o relacionado con nuestro sitio web;<\/p>\n\n\n\n<p>(f) usar nuestro sitio web para copiar, almacenar, hospedar, transmitir, enviar, usar, publicar o distribuir cualquier material que consista en (o est\u00e9 vinculado a) cualquier software esp\u00eda, virus inform\u00e1tico, caballo de Troya, gusano, registrador de pulsaciones de teclas, rootkit u otro software inform\u00e1tico malintencionado;<\/p>\n\n\n\n<p>(g) imponer una carga excesivamente grande en los recursos de nuestro sitio web (incluido el ancho de banda, la capacidad de almacenamiento y la capacidad de procesamiento);<\/p>\n\n\n\n<p>(h) descifrar o descifrar cualquier comunicaci\u00f3n enviada por o a nuestro sitio web sin nuestro permiso;<\/p>\n\n\n\n<p>(i) realizar cualquier actividad de recopilaci\u00f3n de datos sistem\u00e1tica o automatizada (incluidos, entre otros, el raspado, la extracci\u00f3n de datos, la extracci\u00f3n de datos y la recolecci\u00f3n de datos) en o en relaci\u00f3n con nuestro sitio web sin nuestro consentimiento expreso por escrito;<\/p>\n\n\n\n<p>(j) acceder o interactuar con nuestro sitio web utilizando cualquier robot, ara\u00f1a u otro medio automatizado, excepto con el prop\u00f3sito de indexaci\u00f3n de motores de b\u00fasqueda;<\/p>\n\n\n\n<p>(k) usar nuestro sitio web excepto por medio de nuestras interfaces p\u00fablicas;<\/p>\n\n\n\n<p>(l) violar las directivas establecidas en el archivo robots.txt de nuestro sitio web;<\/p>\n\n\n\n<p>(m) utilizar los datos recopilados de nuestro sitio web para cualquier actividad de marketing directo (incluidos, entre otros, marketing por correo electr\u00f3nico, marketing por SMS, telemarketing y correo directo); o<\/p>\n\n\n\n<p>(n) hacer cualquier cosa que interfiera con el uso normal de nuestro sitio web.<\/p>\n\n\n\n<p>5.2 No debe utilizar los datos recopilados de nuestro sitio web para ponerse en contacto con personas, empresas u otras personas o entidades.<\/p>\n\n\n\n<p>5.3 Debe asegurarse de que toda la informaci\u00f3n que nos proporcione a trav\u00e9s de nuestro sitio web, o en relaci\u00f3n con nuestro sitio web, sea verdadera, precisa, actual, completa y no enga\u00f1osa.<\/p>\n\n\n\n<p>6. Registro y cuentas<\/p>\n\n\n\n<p>6.1 Para ser elegible para una cuenta en nuestro sitio web bajo esta Secci\u00f3n 6, debe cumplir con la ley y estar autorizado para concluir transacciones comerciales con empresas en Canad\u00e1.<\/p>\n\n\n\n<p>6.2 Puede registrarse para obtener una cuenta en nuestro sitio web completando y enviando el formulario de registro de cuenta en nuestro sitio web y haciendo clic en el enlace de verificaci\u00f3n en el correo electr\u00f3nico que el sitio web le enviar\u00e1.<\/p>\n\n\n\n<p>6.3 No debe permitir que ninguna otra persona use su cuenta para acceder al sitio web.<\/p>\n\n\n\n<p>6.4 Debe notificarnos por escrito de inmediato si tiene conocimiento de cualquier uso no autorizado de su cuenta.<\/p>\n\n\n\n<p>6.5 No debe usar la cuenta de otra persona para acceder al sitio web, a menos que tenga el permiso expreso de esa persona para hacerlo.<\/p>\n\n\n\n<p>7. Datos de inicio de sesi\u00f3n del usuario<\/p>\n\n\n\n<p>7.1 Si se registra para obtener una cuenta en nuestro sitio web, le proporcionaremos O se le pedir\u00e1 que elija una identificaci\u00f3n de usuario y una contrase\u00f1a.<\/p>\n\n\n\n<p>7.2 Su identificaci\u00f3n de usuario no debe ser susceptible de inducir a error y debe cumplir con las reglas de contenido establecidas en la Secci\u00f3n 10; no debe usar su cuenta o ID de usuario para o en relaci\u00f3n con la suplantaci\u00f3n de identidad de cualquier persona.<\/p>\n\n\n\n<p>7.3 Debe mantener su contrase\u00f1a confidencial.<\/p>\n\n\n\n<p>7.4 Debe notificarnos por escrito de inmediato si tiene conocimiento de alguna divulgaci\u00f3n de su contrase\u00f1a.<\/p>\n\n\n\n<p>7.5 Usted es responsable de cualquier actividad en nuestro sitio web que surja de la falta de mantener la confidencialidad de su contrase\u00f1a, y puede ser responsable de las p\u00e9rdidas que surjan de dicha falla.<\/p>\n\n\n\n<p>8. Cancelaci\u00f3n y suspensi\u00f3n de cuenta<\/p>\n\n\n\n<p>8.1 Podemos:<\/p>\n\n\n\n<p>(a) suspender su cuenta;<\/p>\n\n\n\n<p>(b) cancelar su cuenta; y\/o<\/p>\n\n\n\n<p>(c) editar los detalles de su cuenta,<\/p>\n\n\n\n<p>en cualquier momento, a nuestro exclusivo criterio, con o sin previo aviso.<\/p>\n\n\n\n<p>8.2 Normalmente cancelaremos una cuenta si no se utiliza durante un per\u00edodo continuo de 18 meses.<\/p>\n\n\n\n<p>8.3 Puede cancelar su cuenta en nuestro sitio web utilizando el panel de control de su cuenta en el sitio web.<\/p>\n\n\n\n<p>9. Nuestros derechos de uso de su contenido<\/p>\n\n\n\n<p>9.1 En estos t\u00e9rminos y condiciones, \u00absu contenido\u00bb se refiere a todos los trabajos y materiales (incluidos, entre otros, texto, gr\u00e1ficos, im\u00e1genes, material de audio, material de video, material audiovisual, guiones, software y archivos) que nos env\u00ede a nosotros o a nuestro sitio web para almacenamiento o publicaci\u00f3n, procesamiento o transmisi\u00f3n a trav\u00e9s de nuestro sitio web.<\/p>\n\n\n\n<p>9.2 Usted nos otorga una licencia mundial, irrevocable, no exclusiva y libre de regal\u00edas para usar, reproducir, almacenar, adaptar, publicar, traducir y distribuir su contenido en cualquier medio existente o futuro O reproducir, almacenar y publicar su contenido en y en relaci\u00f3n con este sitio web y cualquier sitio web sucesor O reproducir, almacenar y, con su consentimiento espec\u00edfico, publicar su contenido en y en relaci\u00f3n con este sitio web.<\/p>\n\n\n\n<p>9.3 Usted nos otorga el derecho de sublicenciar los derechos licenciados en virtud de la Secci\u00f3n 9.2.<\/p>\n\n\n\n<p>9.4 Usted nos otorga el derecho de iniciar una acci\u00f3n por infracci\u00f3n de los derechos licenciados en virtud de la Secci\u00f3n 9.2.<\/p>\n\n\n\n<p>9.5 Por la presente renuncia a todos sus derechos morales sobre su contenido en la medida m\u00e1xima permitida por la ley aplicable; y usted garantiza y declara que ha renunciado a todos los dem\u00e1s derechos morales sobre su contenido en la medida m\u00e1xima permitida por la ley aplicable.<\/p>\n\n\n\n<p>9.6 Puede editar su contenido en la medida permitida utilizando la funci\u00f3n de edici\u00f3n disponible en nuestro sitio web.<\/p>\n\n\n\n<p>9.7 Sin perjuicio de nuestros otros derechos bajo estos t\u00e9rminos y condiciones, si incumple cualquier disposici\u00f3n de estos t\u00e9rminos y condiciones de alguna manera, o si sospechamos razonablemente que ha incumplido estos t\u00e9rminos y condiciones de alguna manera, podemos eliminar, anular la publicaci\u00f3n o editar parte o la totalidad de su contenido.<\/p>\n\n\n\n<p>10. Reglas sobre tu contenido<\/p>\n\n\n\n<p>10.1 Usted garantiza y declara que su contenido cumplir\u00e1 con estos t\u00e9rminos y condiciones.<\/p>\n\n\n\n<p>10.2 Su contenido no debe ser ilegal o ilegal, no debe infringir los derechos legales de ninguna persona y no debe dar lugar a acciones legales contra ninguna persona (en cada caso en cualquier jurisdicci\u00f3n y bajo cualquier ley aplicable).<\/p>\n\n\n\n<p>10.3 Su contenido, y el uso que hagamos de su contenido de acuerdo con estos t\u00e9rminos y condiciones, no debe:<\/p>\n\n\n\n<p>(a) ser calumnioso o maliciosamente falso;<\/p>\n\n\n\n<p>(b) ser obsceno o indecente;<\/p>\n\n\n\n<p>(c) infringir cualquier derecho de autor, derecho moral, derecho de base de datos, derecho de marca comercial, derecho de dise\u00f1o, derecho de suplantaci\u00f3n u otro derecho de propiedad intelectual;<\/p>\n\n\n\n<p>(d) vulnerar cualquier derecho de confianza, derecho a la intimidad o derecho previsto en la legislaci\u00f3n de protecci\u00f3n de datos;<\/p>\n\n\n\n<p>(e) constituya un consejo negligente o contenga cualquier declaraci\u00f3n negligente;<\/p>\n\n\n\n<p>(f) constituyan una incitaci\u00f3n a delinquir, instrucciones para la comisi\u00f3n de un delito o la promoci\u00f3n de una actividad delictiva;<\/p>\n\n\n\n<p>(g) estar en desacato a cualquier tribunal o en incumplimiento de cualquier orden judicial;<\/p>\n\n\n\n<p>(h) infringir la legislaci\u00f3n sobre discriminaci\u00f3n o odio racial o religioso;<\/p>\n\n\n\n<p>(i) ser blasfemo;<\/p>\n\n\n\n<p>(j) infringir la legislaci\u00f3n sobre secretos oficiales;<\/p>\n\n\n\n<p>(k) estar en incumplimiento de cualquier obligaci\u00f3n contractual debida a cualquier persona;<\/p>\n\n\n\n<p>(l) representar la violencia de manera expl\u00edcita, gr\u00e1fica o gratuita;<\/p>\n\n\n\n<p>(m) ser pornogr\u00e1fico, lascivo, sugerente o sexualmente expl\u00edcito;<\/p>\n\n\n\n<p>(n) ser falso, falso, inexacto o enga\u00f1oso;<\/p>\n\n\n\n<p>(o) consista en o contenga instrucciones, consejos u otra informaci\u00f3n sobre la que se pueda actuar y que, si se act\u00faa en consecuencia, cause enfermedad, lesi\u00f3n o muerte, o cualquier otra p\u00e9rdida o da\u00f1o;<\/p>\n\n\n\n<p>(p) constituir spam;<\/p>\n\n\n\n<p>(q) ser ofensivo, enga\u00f1oso, fraudulento, amenazante, abusivo, acosador, antisocial, amenazador, odioso, discriminatorio o incendiario; o<\/p>\n\n\n\n<p>(r) causar molestias, inconvenientes o ansiedad innecesaria a cualquier persona.<\/p>\n\n\n\n<p>11. Garant\u00edas limitadas<\/p>\n\n\n\n<p>11.1 No garantizamos ni representamos:<\/p>\n\n\n\n<p>(a) la integridad o precisi\u00f3n de la informaci\u00f3n publicada en nuestro sitio web;<\/p>\n\n\n\n<p>(b) que el material del sitio web est\u00e1 actualizado;<\/p>\n\n\n\n<p>(c) que el sitio web funcionar\u00e1 sin fallas; o<\/p>\n\n\n\n<p>(d) que el sitio web o cualquier servicio en el sitio web permanecer\u00e1 disponible.<\/p>\n\n\n\n<p>11.2 Nos reservamos el derecho de descontinuar o alterar cualquiera o todos los servicios de nuestro sitio web, y dejar de publicar nuestro sitio web, en cualquier momento a nuestro exclusivo criterio, sin previo aviso ni explicaci\u00f3n; y salvo que se indique expresamente lo contrario en estos t\u00e9rminos y condiciones, no tendr\u00e1 derecho a ninguna compensaci\u00f3n u otro pago por la interrupci\u00f3n o alteraci\u00f3n de los servicios del sitio web, o si dejamos de publicar el sitio web.<\/p>\n\n\n\n<p>11.3 En la medida m\u00e1xima permitida por la ley aplicable y sujeto a la Secci\u00f3n 12.1, excluimos todas las representaciones y garant\u00edas relacionadas con el tema de estos t\u00e9rminos y condiciones, nuestro sitio web y el uso de nuestro sitio web.<\/p>\n\n\n\n<p>12. Limitaciones y exclusiones de responsabilidad<\/p>\n\n\n\n<p>12.1 Nada en estos t\u00e9rminos y condiciones:<\/p>\n\n\n\n<p>(a) limitar o excluir cualquier responsabilidad por muerte o lesiones personales resultantes de negligencia;<\/p>\n\n\n\n<p>(b) limitar o excluir cualquier responsabilidad por fraude o tergiversaci\u00f3n fraudulenta;<\/p>\n\n\n\n<p>(c) limitar cualquier responsabilidad de cualquier manera que no est\u00e9 permitida por la ley aplicable; o<\/p>\n\n\n\n<p>(d) excluir cualquier responsabilidad que no pueda ser excluida bajo la ley aplicable.<\/p>\n\n\n\n<p>12.2 Las limitaciones y exclusiones de responsabilidad establecidas en esta Secci\u00f3n 12 y en otras partes de estos t\u00e9rminos y condiciones:<\/p>\n\n\n\n<p>(a) est\u00e1n sujetos a la Secci\u00f3n 12.1; y<\/p>\n\n\n\n<p>(b) rigen todas las responsabilidades que surjan en virtud de estos t\u00e9rminos y condiciones o en relaci\u00f3n con el objeto de estos t\u00e9rminos y condiciones, incluidas las responsabilidades que surjan por contrato, agravio (incluida la negligencia) y por incumplimiento de obligaciones legales, excepto en la medida en que se estipule expresamente lo contrario en estos t\u00e9rminos y condiciones.<\/p>\n\n\n\n<p>12.3 En la medida en que nuestro sitio web y la informaci\u00f3n y los servicios en nuestro sitio web se proporcionen de forma gratuita, no seremos responsables de ninguna p\u00e9rdida o da\u00f1o de ning\u00fan tipo.<\/p>\n\n\n\n<p>12.4 No seremos responsables ante usted con respecto a las p\u00e9rdidas que surjan de cualquier evento o eventos fuera de nuestro control razonable.<\/p>\n\n\n\n<p>12.5 No seremos responsables ante usted con respecto a las p\u00e9rdidas comerciales, incluidas (sin limitaci\u00f3n) p\u00e9rdidas o da\u00f1os a las ganancias, los ingresos, los ingresos, el uso, la producci\u00f3n, los ahorros anticipados, los negocios, los contratos, las oportunidades comerciales o la buena voluntad.<\/p>\n\n\n\n<p>12.6 No seremos responsables ante usted con respecto a cualquier p\u00e9rdida o corrupci\u00f3n de cualquier dato, base de datos o software.<\/p>\n\n\n\n<p>12.7 No seremos responsables ante usted con respecto a cualquier p\u00e9rdida o da\u00f1o especial, indirecto o consecuente.<\/p>\n\n\n\n<p>12.8 Usted acepta que tenemos inter\u00e9s en limitar la responsabilidad personal de nuestros funcionarios y empleados y, teniendo en cuenta ese inter\u00e9s, reconoce que somos una entidad de responsabilidad limitada; usted acepta que no presentar\u00e1 ning\u00fan reclamo personalmente contra nuestros funcionarios o empleados con respecto a las p\u00e9rdidas que sufra en relaci\u00f3n con el sitio web o estos t\u00e9rminos y condiciones (esto, por supuesto, no limitar\u00e1 ni excluir\u00e1 la responsabilidad de la entidad de responsabilidad limitada por los actos y omisiones de nuestros funcionarios y empleados).<\/p>\n\n\n\n<p>13. Incumplimiento de estos t\u00e9rminos y condiciones<\/p>\n\n\n\n<p>13.1 Sin perjuicio de nuestros otros derechos bajo estos t\u00e9rminos y condiciones, si incumple estos t\u00e9rminos y condiciones de alguna manera, o si sospechamos razonablemente que ha incumplido estos t\u00e9rminos y condiciones de alguna manera, podemos:<\/p>\n\n\n\n<p>(a) enviarle una o m\u00e1s advertencias formales;<\/p>\n\n\n\n<p>(b) suspender temporalmente su acceso a nuestro sitio web;<\/p>\n\n\n\n<p>(c) prohibirle permanentemente el acceso a nuestro sitio web;<\/p>\n\n\n\n<p>(d) bloquear las computadoras que usan su direcci\u00f3n IP para que no accedan a nuestro sitio web;<\/p>\n\n\n\n<p>(e) ponerse en contacto con cualquiera o todos sus proveedores de servicios de Internet y solicitar que bloqueen su acceso a nuestro sitio web;<\/p>\n\n\n\n<p>(f) iniciar acciones legales contra usted, ya sea por incumplimiento de contrato o de otra manera; y\/o<\/p>\n\n\n\n<p>(g) suspender o eliminar su cuenta en nuestro sitio web.<\/p>\n\n\n\n<p>13.2 Cuando suspendamos, prohibamos o bloqueemos su acceso a nuestro sitio web o a una parte de nuestro sitio web, no debe tomar ninguna medida para eludir dicha suspensi\u00f3n, prohibici\u00f3n o bloqueo (incluida, entre otras, la creaci\u00f3n y\/o el uso de una cuenta diferente).<\/p>\n\n\n\n<p>14. Variaci\u00f3n<\/p>\n\n\n\n<p>14.1 Podemos revisar estos t\u00e9rminos y condiciones de vez en cuando.<\/p>\n\n\n\n<p>14.2 Le enviaremos un aviso por escrito de cualquier revisi\u00f3n de estos t\u00e9rminos y condiciones, y los t\u00e9rminos y condiciones revisados se aplicar\u00e1n al uso de nuestro sitio web a partir de la fecha en que le enviemos dicho aviso; si no est\u00e1 de acuerdo con los t\u00e9rminos y condiciones revisados, debe dejar de usar nuestro sitio web.<\/p>\n\n\n\n<p>14.3 Si ha dado su consentimiento expreso a estos t\u00e9rminos y condiciones, le pediremos su acuerdo expreso a cualquier revisi\u00f3n de estos t\u00e9rminos y condiciones; y si no da su consentimiento expreso a los t\u00e9rminos y condiciones revisados dentro del per\u00edodo que podamos especificar, inhabilitaremos o eliminaremos su cuenta en el sitio web, y deber\u00e1 dejar de usar el sitio web.<\/p>\n\n\n\n<p>15. Asignaci\u00f3n<\/p>\n\n\n\n<p>15.1 Por la presente, acepta que podemos ceder, transferir, subcontratar o tratar nuestros derechos y\/u obligaciones en virtud de estos t\u00e9rminos y condiciones.<\/p>\n\n\n\n<p>15.2 No puede, sin nuestro consentimiento previo por escrito, ceder, transferir, subcontratar o tratar de otro modo ninguno de sus derechos y\/u obligaciones en virtud de estos t\u00e9rminos y condiciones.<\/p>\n\n\n\n<p>16. Divisibilidad<\/p>\n\n\n\n<p>16.1 Si un tribunal u otra autoridad competente determina que una disposici\u00f3n de estos t\u00e9rminos y condiciones es ilegal y\/o inaplicable, las dem\u00e1s disposiciones seguir\u00e1n vigentes.<\/p>\n\n\n\n<p>16.2 Si alguna disposici\u00f3n ilegal y\/o inaplicable de estos t\u00e9rminos y condiciones fuera legal o exigible si se eliminara parte de ella, esa parte se considerar\u00e1 eliminada y el resto de la disposici\u00f3n seguir\u00e1 vigente.<\/p>\n\n\n\n<p>17. Derechos de terceros<\/p>\n\n\n\n<p>17.1 Un contrato bajo estos t\u00e9rminos y condiciones es para nuestro beneficio y su beneficio, y no est\u00e1 destinado a beneficiar ni ser exigible por ning\u00fan tercero.<\/p>\n\n\n\n<p>17.2 El ejercicio de los derechos de las partes bajo un contrato bajo estos t\u00e9rminos y condiciones no est\u00e1 sujeto al consentimiento de ning\u00fan tercero.<\/p>\n\n\n\n<p>18. Acuerdo completo<\/p>\n\n\n\n<p>18.1 Sujeto a la Secci\u00f3n 12.1, estos t\u00e9rminos y condiciones, junto con nuestra pol\u00edtica de privacidad, constituir\u00e1n el acuerdo completo entre usted y nosotros en relaci\u00f3n con su uso de nuestro sitio web y reemplazar\u00e1n todos los acuerdos anteriores entre usted y nosotros en relaci\u00f3n con su uso de nuestra p\u00e1gina web.<\/p>\n\n\n\n<p>19. Ley y jurisdicci\u00f3n<\/p>\n\n\n\n<p>19.1 Estos t\u00e9rminos y condiciones se regir\u00e1n e interpretar\u00e1n de conformidad con la legislaci\u00f3n canadiense.<\/p>\n\n\n\n<p>19.2 Cualquier disputa relacionada con estos t\u00e9rminos y condiciones estar\u00e1 sujeta a la jurisdicci\u00f3n exclusiva de los tribunales de Canad\u00e1.<\/p>\n\n\n\n<p>20. Nuestros datos<\/p>\n\n\n\n<p>20.1 Este sitio web es propiedad y est\u00e1 operado por Digital Innovation Foundation (DIF).<\/p>\n\n\n\n<p>20.2 Estamos registrados en Qu\u00e9bec, Canad\u00e1, con el n\u00famero de empresa de Qu\u00e9bec (NEQ) 1165538407.<\/p>\n\n\n\n<p>20.3 Nuestro lugar principal de negocios est\u00e1 en 86 Gal\u00e8re, Gatineau, QC, Canad\u00e1, J8P 0G2.<\/p>\n\n\n\n<p>20.4 Puede ponerse en contacto con nosotros:<\/p>\n\n\n\n<p>(a) por correo electr\u00f3nico, <a href=\"mailto:admin@gagnontech.org\">admin@gagnontech.org<\/a><\/p>\n\n\n\n<p>(b) por tel\u00e9fono, +1-819-815-7748; o<\/p>\n\n\n\n<p>(c) por correo postal, a la direcci\u00f3n postal indicada anteriormente.<\/p>\n\n\n\n<p>21. Representante legal oficial<\/p>\n\n\n\n<p>21.1 Nuestro representante legal es St\u00e9phane Gagnon, cont\u00e1ctelo por correo electr\u00f3nico, <a href=\"mailto:admin@gagnontech.org\">admin@gagnontech.org<\/a><\/p>\n","protected":false},"excerpt":{"rendered":"<p>1. Introducci\u00f3n 1.1 Digital Innovation Foundation (DIF) (https:\/\/digitalinnovation.site), como propietario del sitio web https:\/\/btmforum.org, requiere su consentimiento a estos t\u00e9rminos y condiciones para regir su uso de nuestro sitio web. 1.2 Al utilizar nuestro sitio web, acepta estos t\u00e9rminos y condiciones en su totalidad; en consecuencia, si no est\u00e1 de acuerdo con estos t\u00e9rminos y<span class=\"post-excerpt-end\">&hellip;<\/span><\/p>\n<p class=\"more-link\"><a href=\"https:\/\/btmforum.org\/es\/terms-and-conditions\/\" class=\"themebutton\">Lee mas<\/a><\/p>\n","protected":false},"author":1,"featured_media":0,"parent":0,"menu_order":0,"comment_status":"closed","ping_status":"closed","template":"","meta":{"footnotes":""},"class_list":["post-60","page","type-page","status-publish","hentry"],"_links":{"self":[{"href":"https:\/\/btmforum.org\/es\/wp-json\/wp\/v2\/pages\/60","targetHints":{"allow":["GET"]}}],"collection":[{"href":"https:\/\/btmforum.org\/es\/wp-json\/wp\/v2\/pages"}],"about":[{"href":"https:\/\/btmforum.org\/es\/wp-json\/wp\/v2\/types\/page"}],"author":[{"embeddable":true,"href":"https:\/\/btmforum.org\/es\/wp-json\/wp\/v2\/users\/1"}],"replies":[{"embeddable":true,"href":"https:\/\/btmforum.org\/es\/wp-json\/wp\/v2\/comments?post=60"}],"version-history":[{"count":3,"href":"https:\/\/btmforum.org\/es\/wp-json\/wp\/v2\/pages\/60\/revisions"}],"predecessor-version":[{"id":74,"href":"https:\/\/btmforum.org\/es\/wp-json\/wp\/v2\/pages\/60\/revisions\/74"}],"wp:attachment":[{"href":"https:\/\/btmforum.org\/es\/wp-json\/wp\/v2\/media?parent=60"}],"curies":[{"name":"wp","href":"https:\/\/api.w.org\/{rel}","templated":true}]}}