{"id":129,"date":"2023-07-23T13:27:09","date_gmt":"2023-07-23T17:27:09","guid":{"rendered":"https:\/\/btmforum.org\/leaders\/"},"modified":"2024-04-07T19:50:24","modified_gmt":"2024-04-07T23:50:24","slug":"leaders","status":"publish","type":"page","link":"https:\/\/btmforum.org\/fr\/leaders\/","title":{"rendered":"Leaders"},"content":{"rendered":"\n<div class=\"wp-block-columns is-layout-flex wp-container-core-columns-is-layout-9d6595d7 wp-block-columns-is-layout-flex\">\n<div class=\"wp-block-column is-layout-flow wp-block-column-is-layout-flow\">\n<figure class=\"wp-block-image size-large\"><a href=\"https:\/\/btmforum.org\/wp-content\/uploads\/2023\/07\/f1-leaders-1024x617.jpg\"><img loading=\"lazy\" decoding=\"async\" width=\"1024\" height=\"617\" src=\"https:\/\/btmforum.org\/wp-content\/uploads\/2023\/07\/f1-leaders-1024x617.jpg\" alt=\"\" class=\"wp-image-118\" srcset=\"https:\/\/btmforum.org\/wp-content\/uploads\/2023\/07\/f1-leaders-1024x617.jpg 1024w, https:\/\/btmforum.org\/wp-content\/uploads\/2023\/07\/f1-leaders-300x181.jpg 300w, https:\/\/btmforum.org\/wp-content\/uploads\/2023\/07\/f1-leaders-768x462.jpg 768w, https:\/\/btmforum.org\/wp-content\/uploads\/2023\/07\/f1-leaders-1536x925.jpg 1536w, https:\/\/btmforum.org\/wp-content\/uploads\/2023\/07\/f1-leaders.jpg 1920w\" sizes=\"auto, (max-width: 1024px) 100vw, 1024px\" \/><\/a><\/figure>\n<\/div>\n\n\n\n<div class=\"wp-block-column is-layout-flow wp-block-column-is-layout-flow\">\n<h2 class=\"wp-block-heading\"><em><mark style=\"background-color:rgba(0, 0, 0, 0)\" class=\"has-inline-color has-vivid-red-color\">Les leaders de la gestion des technologies d&rsquo;affaires (GTA) sont essentiels \u00e0 la r\u00e9ussite de l&rsquo;innovation, de la transformation et de l&rsquo;entrepreneuriat num\u00e9riques.<\/mark><\/em><\/h2>\n\n\n\n<h3 class=\"wp-block-heading\"><strong>Participez \u00e0 notre conversation pour d\u00e9finir les exigences en mati\u00e8re d&rsquo;\u00e9ducation et de formation des leaders num\u00e9riques de la prochaine g\u00e9n\u00e9ration.<\/strong><\/h3>\n<\/div>\n<\/div>\n\n\n\n<h2 class=\"wp-block-heading\">Quels sont nos objectifs ?<\/h2>\n\n\n\n<ul class=\"wp-block-list\">\n<li>Moderniser les pratiques de leadership et de gestion des talents pour assurer la r\u00e9ussite des projets num\u00e9riques.<\/li>\n\n\n\n<li>Red\u00e9finir les exigences en mati\u00e8re d&rsquo;\u00e9ducation et de formation pour les chefs de projets num\u00e9riques et les membres de l&rsquo;\u00e9quipe.<\/li>\n\n\n\n<li>R\u00e9unir les dipl\u00f4m\u00e9s en commerce, en informatique et en ing\u00e9nierie autour d&rsquo;une carri\u00e8re commune dans le domaine du leadership num\u00e9rique.<\/li>\n\n\n\n<li>Surmonter le fardeau des certifications multiples avec le BTM comme pr\u00e9requis (2 certifications, pas 3-5).<\/li>\n\n\n\n<li>Cr\u00e9er le BTM Body of Knowledge (BOK) en tant que guide gratuit, ouvert et personnalisable sur le leadership num\u00e9rique.<\/li>\n<\/ul>\n\n\n\n<h2 class=\"wp-block-heading\">Comment pouvez-vous nous aider ?<\/h2>\n\n\n\n<div class=\"wp-block-aab-group-accordion aagb_accordion_b6c4b994-46d2-434d-9747-87952c4ea306 click\">\n<div class=\"wp-block-aab-accordion-item aagb__accordion_container\" style=\"border:1px solid #cccccc;margin-top:0px;margin-bottom:15px;border-radius:0px\"><div class=\"aagb__accordion_head aab_right_icon\" data-active=\"false\" style=\"color:#333333;background-color:transparent;padding:10px 15px 10px 15px\"><div class=\"aagb__accordion_heading aab_right_icon\"><h4 class=\"aagb__accordion_title\" style=\"margin:0;color:#333333\">Partagez votre point de vue avec la communaut\u00e9<\/h4><\/div><div class=\"aagb__accordion_icon\" style=\"color:#333333;background-color:transparent\"><span class=\"aagb__icon dashicons dashicons-plus-alt2\"><\/span><\/div><\/div><div class=\"aagb__accordion_body \" role=\"region\" style=\"background-color:transparent;border-top:1px solid #cccccc;padding:10px 15px 10px 15px\">\n<p><strong><mark style=\"background-color:rgba(0, 0, 0, 0)\" class=\"has-inline-color has-luminous-vivid-orange-color\">Veuillez <a href=\"https:\/\/questionnaires.uqo.ca\/index.php\/159969?lang=fr\">remplir notre sondage BTM<\/a> sur les comp\u00e9tences en leadership num\u00e9rique de la prochaine g\u00e9n\u00e9ration.<\/mark><\/strong><\/p>\n\n\n\n<p>BTM est encore en d\u00e9veloppement et nous devons int\u00e9grer les points de vue de tous les int\u00e9ress\u00e9s, par exemple les \u00e9tudiants, les professeurs, les professionnels, les cadres, les dirigeants communautaires, etc.<\/p>\n\n\n\n<p>Invitez \u00e9galement vos coll\u00e8gues et participez \u00e0 nos discussions en cours sur le leadership num\u00e9rique.<\/p>\n\n\n\n<div class=\"wp-block-columns is-layout-flex wp-container-core-columns-is-layout-9d6595d7 wp-block-columns-is-layout-flex\">\n<div class=\"wp-block-column is-layout-flow wp-block-column-is-layout-flow\">\n<p class=\"has-text-align-center\"><strong><mark style=\"background-color:rgba(0, 0, 0, 0)\" class=\"has-inline-color has-vivid-red-color\">Suivez et re-partagez nos actualit\u00e9s sur <a href=\"https:\/\/twitter.com\/BTMForumGlobal\">Twitter<\/a><\/mark><\/strong><\/p>\n<\/div>\n\n\n\n<div class=\"wp-block-column is-layout-flow wp-block-column-is-layout-flow\">\n<p class=\"has-text-align-center\"><strong><mark style=\"background-color:rgba(0, 0, 0, 0)\" class=\"has-inline-color has-vivid-red-color\">Partagez vos actualit\u00e9s sur notre groupe <a href=\"https:\/\/www.linkedin.com\/groups\/8486760\/\">LinkedIn<\/a><\/mark><\/strong><\/p>\n<\/div>\n\n\n\n<div class=\"wp-block-column is-layout-flow wp-block-column-is-layout-flow\">\n<p class=\"has-text-align-center\"><strong><mark style=\"background-color:rgba(0, 0, 0, 0)\" class=\"has-inline-color has-vivid-red-color\">Rejoignez notre <a href=\"https:\/\/join.slack.com\/t\/businesstechn-9vy1673\/shared_invite\/zt-20c8k52mo-kKMuS_ZyOGcCRD5RDFWljw\">Cha\u00eene Slack<\/a> pour discuter avec les membres<\/mark><\/strong><\/p>\n<\/div>\n<\/div>\n<\/div><\/div>\n<\/div>\n\n\n\n<div class=\"wp-block-aab-group-accordion aagb_accordion_02d74a3b-5bb8-422f-a230-500ef5688af2 click\">\n<div class=\"wp-block-aab-accordion-item aagb__accordion_container\" style=\"border:1px solid #cccccc;margin-top:0px;margin-bottom:15px;border-radius:0px\"><div class=\"aagb__accordion_head aab_right_icon\" data-active=\"false\" style=\"color:#333333;background-color:transparent;padding:10px 15px 10px 15px\"><div class=\"aagb__accordion_heading aab_right_icon\"><h4 class=\"aagb__accordion_title\" style=\"margin:0;color:#333333\">Atteindre des normes d&rsquo;\u00e9ducation et de formation plus \u00e9lev\u00e9es<\/h4><\/div><div class=\"aagb__accordion_icon\" style=\"color:#333333;background-color:transparent\"><span class=\"aagb__icon dashicons dashicons-plus-alt2\"><\/span><\/div><\/div><div class=\"aagb__accordion_body \" role=\"region\" style=\"background-color:transparent;border-top:1px solid #cccccc;padding:10px 15px 10px 15px\">\n<p><mark style=\"background-color:rgba(0, 0, 0, 0)\" class=\"has-inline-color has-luminous-vivid-orange-color\"><strong>Veuillez vous inscrire aux <\/strong><\/mark><a href=\"https:\/\/btmforum.org\/programs\/\"><strong>Programmes BTM<\/strong><\/a><mark style=\"background-color: rgba(0, 0, 0, 0)\" class=\"has-inline-color has-luminous-vivid-orange-color\"><strong> pour obtenir la <em>certification BTM<\/em> et promouvoir de nouvelles normes.<\/strong><\/mark><\/p>\n\n\n\n<p>BTM a \u00e9t\u00e9 con\u00e7u initialement comme une norme d&rsquo;accr\u00e9ditation de programme. Son objectif \u00e9tait d&rsquo;aider les programmes de gestion informatique des entreprises \u00e0 offrir une perspective plus large et \u00e0 mieux pr\u00e9parer les dipl\u00f4m\u00e9s \u00e0 la transformation num\u00e9rique. Une nouvelle strat\u00e9gie est en cours d&rsquo;\u00e9laboration pour assurer un impact plus important et plus rapide.<\/p>\n\n\n\n<p>Nous \u00e9tudions la possibilit\u00e9 d&rsquo;\u00e9largir les voies pour devenir <strong><em>Certifi\u00e9 BTM<\/em><\/strong>, par l&rsquo;obtention d&rsquo;un dipl\u00f4me d&rsquo;un programme BTM, par l&rsquo;\u00e9quivalence BTM d&rsquo;apprentissage et d&rsquo;exp\u00e9rience ant\u00e9rieurs, ou par des r\u00e9compenses BTM bas\u00e9es sur de vastes \u00e9valuations des r\u00e9alisations en mati\u00e8re de changement num\u00e9rique dans une organisation.<\/p>\n\n\n\n<div class=\"wp-block-columns is-layout-flex wp-container-core-columns-is-layout-9d6595d7 wp-block-columns-is-layout-flex\">\n<div class=\"wp-block-column is-layout-flow wp-block-column-is-layout-flow\">\n<p class=\"has-text-align-center\"><strong><mark style=\"background-color:rgba(0, 0, 0, 0)\" class=\"has-inline-color has-vivid-red-color\">Rejoignez nos \u00e9quipes <a href=\"https:\/\/btmforum.org\/accreditation\/\">Accr\u00e9ditation BTM<\/a> pour moderniser les programmes.<\/mark><\/strong><\/p>\n<\/div>\n\n\n\n<div class=\"wp-block-column is-layout-flow wp-block-column-is-layout-flow\">\n<p class=\"has-text-align-center\"><strong><mark style=\"background-color:rgba(0, 0, 0, 0)\" class=\"has-inline-color has-vivid-red-color\">En savoir plus sur la <a href=\"https:\/\/btmforum.org\/certification\/\">certification BTM<\/a> par \u00e9quivalence.<\/mark><\/strong><\/p>\n<\/div>\n\n\n\n<div class=\"wp-block-column is-layout-flow wp-block-column-is-layout-flow\">\n<p class=\"has-text-align-center\"><strong><mark style=\"background-color:rgba(0, 0, 0, 0)\" class=\"has-inline-color has-vivid-red-color\">D\u00e9couvrez les <a href=\"https:\/\/btmforum.org\/awards\/\">Concours BTM<\/a> pour les organisations num\u00e9riques.<\/mark><\/strong><\/p>\n<\/div>\n<\/div>\n<\/div><\/div>\n<\/div>\n\n\n\n<div class=\"wp-block-aab-group-accordion aagb_accordion_6b393e38-fa73-4eb5-a5ed-fce46adfa0e1 click\">\n<div class=\"wp-block-aab-accordion-item aagb__accordion_container\" style=\"border:1px solid #cccccc;margin-top:0px;margin-bottom:15px;border-radius:0px\"><div class=\"aagb__accordion_head aab_right_icon\" data-active=\"false\" style=\"color:#333333;background-color:transparent;padding:10px 15px 10px 15px\"><div class=\"aagb__accordion_heading aab_right_icon\"><h4 class=\"aagb__accordion_title\" style=\"margin:0;color:#333333\">Cr\u00e9er, pr\u00e9senter et publier de nouvelles bonnes pratiques<\/h4><\/div><div class=\"aagb__accordion_icon\" style=\"color:#333333;background-color:transparent\"><span class=\"aagb__icon dashicons dashicons-plus-alt2\"><\/span><\/div><\/div><div class=\"aagb__accordion_body \" role=\"region\" style=\"background-color:transparent;border-top:1px solid #cccccc;padding:10px 15px 10px 15px\">\n<p><mark style=\"background-color:rgba(0, 0, 0, 0)\" class=\"has-inline-color has-luminous-vivid-orange-color\"><strong>Veuillez rejoindre le <a href=\"https:\/\/github.com\/Digital-Innovation-Foundation\/btmbok\">groupe de travail BTM BOK<\/a> pour aider \u00e0 d\u00e9finir nos conseils gratuits, ouverts et personnalisables pour les futurs leaders num\u00e9riques.<\/strong><\/mark><\/p>\n\n\n\n<p>BTM peut servir de langage commun unissant les disciplines commerciales, informatiques et d&rsquo;ing\u00e9nierie. L&rsquo;objectif n&rsquo;est pas de remplacer les normes de certification existantes, mais plut\u00f4t de cr\u00e9er un langage de base qui aidera tous les leaders num\u00e9riques \u00e0 r\u00e9utiliser et \u00e0 personnaliser les meilleures pratiques num\u00e9riques.<\/p>\n\n\n\n<p>Pensez \u00e9galement \u00e0 pr\u00e9senter et \u00e0 publier vos contributions pour vous assurer que les autres suivent vos pas. Il n&rsquo;a pas besoin d&rsquo;\u00eatre parfait, vous pouvez proposer un article de magazine professionnel court (1000 mots) ou un article de recherche universitaire plus long (5000 mots). Il peut \u00e9galement \u00eatre promu dans nos \u00e9v\u00e9nements et notre journal.<\/p>\n\n\n\n<div class=\"wp-block-columns is-layout-flex wp-container-core-columns-is-layout-9d6595d7 wp-block-columns-is-layout-flex\">\n<div class=\"wp-block-column is-layout-flow wp-block-column-is-layout-flow\">\n<p class=\"has-text-align-center\"><mark style=\"background-color:rgba(0, 0, 0, 0)\" class=\"has-inline-color has-vivid-red-color\"><strong>Organisez, pr\u00e9sentez et\/ou participez \u00e0 nos <\/strong><\/mark><a href=\"https:\/\/btmforum.org\/fr\/events\/\"><strong>\u00e9v\u00e9nements BTM<\/strong><\/a><mark style=\"background-color:rgba(0, 0, 0, 0)\" class=\"has-inline-color has-vivid-red-color\"><strong> en ligne ou hybrides.<\/strong><\/mark><\/p>\n<\/div>\n\n\n\n<div class=\"wp-block-column is-layout-flow wp-block-column-is-layout-flow\">\n<p class=\"has-text-align-center\"><strong><mark style=\"background-color:rgba(0, 0, 0, 0)\" class=\"has-inline-color has-vivid-red-color\">Devenez auteur pour publier vos contributions dans le <a href=\"https:\/\/journals.digitalinnovation.site\/?journal=btmj&amp;page=index\">BTM Journal<\/a>.<\/mark><\/strong><\/p>\n<\/div>\n<\/div>\n<\/div><\/div>\n<\/div>\n","protected":false},"excerpt":{"rendered":"<p>Les leaders de la gestion des technologies d&rsquo;affaires (GTA) sont essentiels \u00e0 la r\u00e9ussite de l&rsquo;innovation, de la transformation et de l&rsquo;entrepreneuriat num\u00e9riques. Participez \u00e0 notre conversation pour d\u00e9finir les exigences en mati\u00e8re d&rsquo;\u00e9ducation et de formation des leaders num\u00e9riques de la prochaine g\u00e9n\u00e9ration. Quels sont nos objectifs ? Comment pouvez-vous nous aider ?<\/p>\n","protected":false},"author":1,"featured_media":0,"parent":0,"menu_order":0,"comment_status":"closed","ping_status":"closed","template":"","meta":{"footnotes":""},"class_list":["post-129","page","type-page","status-publish","hentry"],"_links":{"self":[{"href":"https:\/\/btmforum.org\/fr\/wp-json\/wp\/v2\/pages\/129","targetHints":{"allow":["GET"]}}],"collection":[{"href":"https:\/\/btmforum.org\/fr\/wp-json\/wp\/v2\/pages"}],"about":[{"href":"https:\/\/btmforum.org\/fr\/wp-json\/wp\/v2\/types\/page"}],"author":[{"embeddable":true,"href":"https:\/\/btmforum.org\/fr\/wp-json\/wp\/v2\/users\/1"}],"replies":[{"embeddable":true,"href":"https:\/\/btmforum.org\/fr\/wp-json\/wp\/v2\/comments?post=129"}],"version-history":[{"count":31,"href":"https:\/\/btmforum.org\/fr\/wp-json\/wp\/v2\/pages\/129\/revisions"}],"predecessor-version":[{"id":1470,"href":"https:\/\/btmforum.org\/fr\/wp-json\/wp\/v2\/pages\/129\/revisions\/1470"}],"wp:attachment":[{"href":"https:\/\/btmforum.org\/fr\/wp-json\/wp\/v2\/media?parent=129"}],"curies":[{"name":"wp","href":"https:\/\/api.w.org\/{rel}","templated":true}]}}