{"id":232,"date":"2023-07-26T22:01:38","date_gmt":"2023-07-27T02:01:38","guid":{"rendered":"https:\/\/btmforum.org\/programs\/"},"modified":"2024-04-07T17:01:34","modified_gmt":"2024-04-07T21:01:34","slug":"programmes","status":"publish","type":"page","link":"https:\/\/btmforum.org\/fr\/programmes\/","title":{"rendered":"Programmes"},"content":{"rendered":"\n<div class=\"wp-block-columns is-layout-flex wp-container-core-columns-is-layout-9d6595d7 wp-block-columns-is-layout-flex\">\n<div class=\"wp-block-column is-layout-flow wp-block-column-is-layout-flow\">\n<figure class=\"wp-block-image size-large\"><a href=\"https:\/\/btmforum.org\/wp-content\/uploads\/2023\/07\/fig-11-fr-1024x743.png\"><img loading=\"lazy\" decoding=\"async\" width=\"1024\" height=\"743\" src=\"https:\/\/btmforum.org\/wp-content\/uploads\/2023\/07\/fig-11-fr-1024x743.png\" alt=\"\" class=\"wp-image-1343\" srcset=\"https:\/\/btmforum.org\/wp-content\/uploads\/2023\/07\/fig-11-fr-1024x743.png 1024w, https:\/\/btmforum.org\/wp-content\/uploads\/2023\/07\/fig-11-fr-300x218.png 300w, https:\/\/btmforum.org\/wp-content\/uploads\/2023\/07\/fig-11-fr-768x558.png 768w, https:\/\/btmforum.org\/wp-content\/uploads\/2023\/07\/fig-11-fr.png 1080w\" sizes=\"auto, (max-width: 1024px) 100vw, 1024px\" \/><\/a><\/figure>\n<\/div>\n\n\n\n<div class=\"wp-block-column is-layout-flow wp-block-column-is-layout-flow\">\n<h2 class=\"wp-block-heading\"><em><mark style=\"background-color:rgba(0, 0, 0, 0)\" class=\"has-inline-color has-vivid-red-color\">Vous pouvez devenir certifi\u00e9.e GTA en obtenant un dipl\u00f4me d&rsquo;un programme avec une <a href=\"https:\/\/btmforum.org\/accreditation\/\">accr\u00e9ditation GTA valide<\/a>.<\/mark><\/em><\/h2>\n\n\n\n<h3 class=\"wp-block-heading\">Vous pouvez \u00e9galement obtenir la reconnaissance de vos dipl\u00f4mes ant\u00e9rieurs comme \u00e9quivalence \u00e0 une <a href=\"https:\/\/btmforum.org\/certification\/\">certification GTA<\/a>.<\/h3>\n\n\n\n<h3 class=\"wp-block-heading\"><mark style=\"background-color:rgba(0, 0, 0, 0)\" class=\"has-inline-color has-vivid-red-color\">Liste des programmes en d\u00e9veloppement.<\/mark><\/h3>\n\n\n\n<p>Alors que de nombreux excellents programmes de gestion des TI existent d\u00e9j\u00e0, l&rsquo;accr\u00e9ditation garantit une couverture plus compl\u00e8te des r\u00e9sultats d&rsquo;apprentissage GTA, un ensemble d&rsquo;objectifs d\u00e9velopp\u00e9s conjointement par le milieu universitaire et l&rsquo;industrie..<\/p>\n\n\n\n<p>Des programmes sont <a href=\"http:\/\/cips.ca\/btm\">offerts au Canada et \u00c9.-U. depuis 2009<\/a>, avec plus de 20 programmes au Canada portant la marque GTA et une douzaine d&rsquo;accr\u00e9ditations et de reconnaissances entre 2013 et 2018.<\/p>\n\n\n\n<p>Des coll\u00e8gues de plusieurs pays rejoignent le <a href=\"https:\/\/btmforum.org\/team\/\">Conseil global GTA<\/a> pour aider \u00e0 accr\u00e9diter de nouveaux programmes \u00e0 l&rsquo;\u00e9chelle mondiale. Plus de nouvelles bient\u00f4t.<\/p>\n\n\n\n<p><\/p>\n<\/div>\n<\/div>\n\n\n\n<div class=\"wp-block-essential-blocks-call-to-action\"><div class=\"eb-parent-wrapper eb-parent-eb-call-to-action-s0351ga \"><div class=\"eb-cia-wrapper eb-call-to-action-s0351ga\" data-icon=\"fas fa-graduation-cap\"><div class=\"eb-cia-text-wrapper\"><div class=\"eb-cia-icon fas fa-graduation-cap\"><\/div><h3 class=\"eb-cia-title\">Leaders num\u00e9riques, professeur.e.s du programme, dipl\u00f4m\u00e9.e.s &#8211; Confirmez votre int\u00e9r\u00eat pour GTA<\/h3> <p class=\"eb-cia-description\">Veuillez remplir notre enqu\u00eate GTA pour enregistrer les programmes GTA existants et nous informer de votre int\u00e9r\u00eat ou de vos commentaires concernant l&rsquo;accr\u00e9ditation GTA et attestation.<\/p><\/div><div class=\"eb-cia-button-wrapper\"><a target=\"_self\" rel=\"noopener\"><div class=\"eb-cia-button is-large\"><a href=\"https:\/\/questionnaires.uqo.ca\/index.php\/159969?lang=fr\"><mark style=\"background-color:rgba(0, 0, 0, 0)\" class=\"has-inline-color has-luminous-vivid-amber-color\"><strong>Sondage GTA<\/strong><\/mark><\/a><\/div><\/a><\/div><\/div><\/div><\/div>\n","protected":false},"excerpt":{"rendered":"<p>Vous pouvez devenir certifi\u00e9.e GTA en obtenant un dipl\u00f4me d&rsquo;un programme avec une accr\u00e9ditation GTA valide. Vous pouvez \u00e9galement obtenir la reconnaissance de vos dipl\u00f4mes ant\u00e9rieurs comme \u00e9quivalence \u00e0 une certification GTA. Liste des programmes en d\u00e9veloppement. Alors que de nombreux excellents programmes de gestion des TI existent d\u00e9j\u00e0, l&rsquo;accr\u00e9ditation garantit une couverture plus compl\u00e8te<span class=\"post-excerpt-end\">&hellip;<\/span><\/p>\n<p class=\"more-link\"><a href=\"https:\/\/btmforum.org\/fr\/programmes\/\" class=\"themebutton\">Lire la suite<\/a><\/p>\n","protected":false},"author":1,"featured_media":0,"parent":0,"menu_order":0,"comment_status":"closed","ping_status":"closed","template":"","meta":{"footnotes":""},"class_list":["post-232","page","type-page","status-publish","hentry"],"_links":{"self":[{"href":"https:\/\/btmforum.org\/fr\/wp-json\/wp\/v2\/pages\/232","targetHints":{"allow":["GET"]}}],"collection":[{"href":"https:\/\/btmforum.org\/fr\/wp-json\/wp\/v2\/pages"}],"about":[{"href":"https:\/\/btmforum.org\/fr\/wp-json\/wp\/v2\/types\/page"}],"author":[{"embeddable":true,"href":"https:\/\/btmforum.org\/fr\/wp-json\/wp\/v2\/users\/1"}],"replies":[{"embeddable":true,"href":"https:\/\/btmforum.org\/fr\/wp-json\/wp\/v2\/comments?post=232"}],"version-history":[{"count":38,"href":"https:\/\/btmforum.org\/fr\/wp-json\/wp\/v2\/pages\/232\/revisions"}],"predecessor-version":[{"id":1458,"href":"https:\/\/btmforum.org\/fr\/wp-json\/wp\/v2\/pages\/232\/revisions\/1458"}],"wp:attachment":[{"href":"https:\/\/btmforum.org\/fr\/wp-json\/wp\/v2\/media?parent=232"}],"curies":[{"name":"wp","href":"https:\/\/api.w.org\/{rel}","templated":true}]}}